{"id":357,"date":"2023-04-17T00:01:10","date_gmt":"2023-04-17T00:01:10","guid":{"rendered":"http:\/\/sbm.wolomin.pl\/?page_id=357"},"modified":"2026-02-24T14:44:45","modified_gmt":"2026-02-24T12:44:45","slug":"i-sprawozdanie","status":"publish","type":"page","link":"https:\/\/sbm.wolomin.pl\/?page_id=357","title":{"rendered":"Sprawozdanie finansowe"},"content":{"rendered":"<p style=\"text-align: justify;\"><strong>Dost\u0119p do sprawozda\u0144 od 2025 r. (za rok 2024 &#8211; w\u0142\u0105cznie) \u2013 przez stron\u0119 internetow\u0105 serwisu e-BOK SBM Wo\u0142omin<\/strong><\/p>\n<p style=\"text-align: justify;\">Informujemy, \u017ce od 2025 roku dokumenty takie jak:<\/p>\n<ul style=\"text-align: justify;\">\n<li>Sprawozdanie Rady Nadzorczej,<\/li>\n<li>Roczne sprawozdania finansowe Sp\u00f3\u0142dzielni,<\/li>\n<\/ul>\n<p style=\"text-align: justify;\">s\u0105 udost\u0119pniane cz\u0142onkom SBM Wo\u0142omin w pierwszej kolejno\u015bci poprzez system e-BOK (po zalogowaniu).<\/p>\n<p style=\"text-align: justify;\">To rozwi\u0105zanie pozwala zapewni\u0107 dost\u0119p osobom uprawnionym (cz\u0142onkom), a jednocze\u015bnie ogranicza publiczne rozpowszechnianie dokument\u00f3w, kt\u00f3re maj\u0105 charakter wewn\u0119trzny i dotycz\u0105 spraw Sp\u00f3\u0142dzielni.<\/p>\n<p style=\"text-align: justify;\"><em>Podstawa prawna: cz\u0142onek sp\u00f3\u0142dzielni mieszkaniowej ma prawo otrzymywa\u0107 kopie m.in. rocznych sprawozda\u0144 finansowych, a wybrane dokumenty powinny by\u0107 udost\u0119pnione na stronie internetowej sp\u00f3\u0142dzielni.\u00a0<\/em><\/p>\n<p style=\"text-align: justify;\"><strong>Wgl\u0105d w biurze Sp\u00f3\u0142dzielni<\/strong><\/p>\n<p style=\"text-align: justify;\">Je\u017celi kto\u015b nie korzysta ze strony internetowej serwisu e-BOK albo potrzebuje wgl\u0105du na miejscu, dokumenty s\u0105 r\u00f3wnie\u017c dost\u0119pne do wgl\u0105du w biurze Sp\u00f3\u0142dzielni w godzinach pracy.<\/p>\n<p><strong>Rok 2019<\/strong><br \/>\n<a href=\"https:\/\/sbm.wolomin.pl\/wp-content\/uploads\/2020\/07\/Sprawozdanie-finansowe-Spoldzielni-Budownictwa-Mieszkaniowego-w-Wolominie-za-2019-rok.pdf\">1. Sprawozdanie finansowe Sp\u00f3\u0142dzielni Budownictwa Mieszkaniowego w Wo\u0142ominie za 2019 rok<\/a><br \/>\n<a href=\"https:\/\/sbm.wolomin.pl\/wp-content\/uploads\/2020\/07\/Sprawozdanie-niezaleznego-Bieglego-Rewidenta-z-badania.pdf\">2. Sprawozdanie niezale\u017cnego Bieg\u0142ego Rewidenta z badania<\/a><br \/>\n<a href=\"https:\/\/sbm.wolomin.pl\/wp-content\/uploads\/2020\/07\/Zalacznik.pdf\">3. Za\u0142\u0105cznik<\/a><br \/>\n<a href=\"https:\/\/sbm.wolomin.pl\/wp-content\/uploads\/2020\/07\/Sprawozdanie-z-dzia\u0105alnosci-Zarzadu-Spoldzielni-Budownictwa-Mieszkaniowego-w-Wolominie-za-2019r.pdf\">4. Sprawozdanie z dzia\u0142alno\u015bci Zarz\u0105du Sp\u00f3\u0142dzielni Budownictwa Mieszkaniowego w Wo\u0142ominie za 2019 rok<\/a><\/p>\n<hr \/>\n<p><strong>Rok 2020<\/strong><br \/>\n<a href=\"https:\/\/sbm.wolomin.pl\/wp-content\/uploads\/2021\/04\/1.-Sprawozdanie-finansowe-Spoldzielni-Budownictwa-Mieszkaniowego-w-Wolominie-za-2020-rok.pdf\">1. Sprawozdanie finansowe Sp\u00f3\u0142dzielni Budownictwa Mieszkaniowego w Wo\u0142ominie za 2020 rok<\/a><br \/>\n<a href=\"https:\/\/sbm.wolomin.pl\/wp-content\/uploads\/2021\/04\/2.-Sprawozdanie-bieglego-rewidenta-z-badania-Spoldzielni-Budownictwa-Mieszkaniowego-Wolomin-2020.pdf\">2. Sprawozdanie niezale\u017cnego Bieg\u0142ego Rewidenta z badania<\/a><br \/>\n<a href=\"https:\/\/sbm.wolomin.pl\/wp-content\/uploads\/2021\/04\/3.-Zalacznik.pdf\">3. Za\u0142\u0105cznik<\/a><a href=\"https:\/\/sbm.wolomin.pl\/wp-content\/uploads\/2021\/04\/2.-Sprawozdanie-bieglego-rewidenta-z-badania-Spoldzielni-Budownictwa-Mieszkaniowego-Wolomin-2020.pdf\"><br \/>\n<\/a><a href=\"https:\/\/sbm.wolomin.pl\/wp-content\/uploads\/2021\/04\/4.-Sprawozdanie_z_dzialalnosci_Zarzadu_za2020r_SBM_w_Wolominie.pdf\">4. Sprawozdanie z dzia\u0142alno\u015bci Zarz\u0105du Sp\u00f3\u0142dzielni Budownictwa Mieszkaniowego w Wo\u0142ominie za 2020 rok<\/a><\/p>\n<hr \/>\n<p><strong>Rok 2021<\/strong><br \/>\n<a href=\"https:\/\/sbm.wolomin.pl\/wp-content\/uploads\/2022\/05\/1.-Sprawozdanie-finansowe-Spoldzielni-Budownictwa-Mieszkaniowego-w-Wolominie-za-2021-rok.pdf\">1. Sprawozdanie finansowe Sp\u00f3\u0142dzielni Budownictwa Mieszkaniowego w Wo\u0142ominie za 2021 rok<\/a><br \/>\n<a href=\"https:\/\/sbm.wolomin.pl\/wp-content\/uploads\/2022\/05\/2.-Sprawozdanie-niezaleznego-Bieglego-Rewidenta-z-badania.pdf\">2. Sprawozdanie niezale\u017cnego Bieg\u0142ego Rewidenta z badania<\/a><br \/>\n<a href=\"https:\/\/sbm.wolomin.pl\/wp-content\/uploads\/2022\/05\/3.-Zalacznik.pdf\">3. Za\u0142\u0105cznik<\/a><a href=\"https:\/\/sbm.wolomin.pl\/wp-content\/uploads\/2021\/04\/2.-Sprawozdanie-bieglego-rewidenta-z-badania-Spoldzielni-Budownictwa-Mieszkaniowego-Wolomin-2020.pdf\"><br \/>\n<\/a><a href=\"https:\/\/sbm.wolomin.pl\/wp-content\/uploads\/2022\/05\/4.-Sprawozdanie-z-dzialalnosci-Zarzadu-Spoldzielni-Budownictwa-Mieszkaniowego-w-Wolominie-za-2021r.-1.pdf\">4. Sprawozdanie z dzia\u0142alno\u015bci Zarz\u0105du Sp\u00f3\u0142dzielni Budownictwa Mieszkaniowego w Wo\u0142ominie za 2021 rok<\/a><\/p>\n<hr \/>\n<p><strong>Rok 2022<\/strong><br \/>\n<a href=\"https:\/\/sbm.wolomin.pl\/wp-content\/uploads\/2023\/04\/1.-Sprawozdanie-finansowe-Spoldzielni-Budownictwa-Mieszkaniowego-w-Wolominie-za-2022-rok.pdf\">1. Sprawozdanie finansowe Sp\u00f3\u0142dzielni Budownictwa Mieszkaniowego w Wo\u0142ominie za 2022 rok<\/a><br \/>\n<a href=\"https:\/\/sbm.wolomin.pl\/wp-content\/uploads\/2023\/04\/2.-Sprawozdanie-niezaleznego-Bieglego-Rewidenta-z-badania.pdf\">2. Sprawozdanie niezale\u017cnego Bieg\u0142ego Rewidenta z badania<\/a><br \/>\n<a href=\"https:\/\/sbm.wolomin.pl\/wp-content\/uploads\/2023\/04\/3.-Zalacznik.pdf\">3. Za\u0142\u0105cznik<\/a><a href=\"https:\/\/sbm.wolomin.pl\/wp-content\/uploads\/2021\/04\/2.-Sprawozdanie-bieglego-rewidenta-z-badania-Spoldzielni-Budownictwa-Mieszkaniowego-Wolomin-2020.pdf\"><br \/>\n<\/a><a href=\"https:\/\/sbm.wolomin.pl\/wp-content\/uploads\/2023\/04\/4.-Sprawozdanie-z-dzialalnosci-Zarzadu-Spoldzielni-Budownictwa-Mieszkaniowego-w-Wolominie-za-2022r..pdf\">4. Sprawozdanie z dzia\u0142alno\u015bci Zarz\u0105du Sp\u00f3\u0142dzielni Budownictwa Mieszkaniowego w Wo\u0142ominie za 2022 rok<\/a><\/p>\n<hr \/>\n<p><strong>Rok 2023<\/strong><br \/>\n<a href=\"https:\/\/sbm.wolomin.pl\/wp-content\/uploads\/2024\/05\/Sprawozdanie-finansowe-Spoldzielni-Budownictwa-Mieszkaniowego-w-Wolominie-za-2023-rok-1.pdf\">1. Sprawozdanie finansowe Sp\u00f3\u0142dzielni Budownictwa Mieszkaniowego w Wo\u0142ominie za 2023 rok<\/a><br \/>\n<a href=\"https:\/\/sbm.wolomin.pl\/wp-content\/uploads\/2024\/05\/Sprawozdanie-niezaleznego-Bieglego-Rewidenta-z-badania.pdf\">2. Sprawozdanie niezale\u017cnego Bieg\u0142ego Rewidenta z badania<\/a><br \/>\n<a href=\"https:\/\/sbm.wolomin.pl\/wp-content\/uploads\/2024\/05\/Zalacznik.pdf\">3. Za\u0142\u0105cznik<\/a><a href=\"https:\/\/sbm.wolomin.pl\/wp-content\/uploads\/2021\/04\/2.-Sprawozdanie-bieglego-rewidenta-z-badania-Spoldzielni-Budownictwa-Mieszkaniowego-Wolomin-2020.pdf\"><br \/>\n<\/a><a href=\"https:\/\/sbm.wolomin.pl\/wp-content\/uploads\/2024\/05\/Sprawozdanie-Zarzadu-za-2023-rok-aktualizacja-05.2024.pdf\">4. Sprawozdanie z dzia\u0142alno\u015bci Zarz\u0105du Sp\u00f3\u0142dzielni Budownictwa Mieszkaniowego w Wo\u0142ominie za 2023 rok<\/a><\/p>\n","protected":false},"excerpt":{"rendered":"<p>Dost\u0119p do sprawozda\u0144 od 2025 r. (za rok 2024 &#8211; w\u0142\u0105cznie) \u2013 przez stron\u0119 internetow\u0105 serwisu e-BOK SBM Wo\u0142omin Informujemy, \u017ce od 2025 roku dokumenty&hellip; <\/p>\n","protected":false},"author":1,"featured_media":3194,"parent":354,"menu_order":0,"comment_status":"closed","ping_status":"closed","template":"","meta":{"footnotes":""},"categories":[],"tags":[],"class_list":["post-357","page","type-page","status-publish","has-post-thumbnail","hentry"],"jetpack_sharing_enabled":true,"publishpress_future_action":{"enabled":false,"date":"2026-05-15 01:02:55","action":"change-status","newStatus":"draft","terms":[],"taxonomy":"category","extraData":[]},"publishpress_future_workflow_manual_trigger":{"enabledWorkflows":[]},"_links":{"self":[{"href":"https:\/\/sbm.wolomin.pl\/index.php?rest_route=\/wp\/v2\/pages\/357","targetHints":{"allow":["GET"]}}],"collection":[{"href":"https:\/\/sbm.wolomin.pl\/index.php?rest_route=\/wp\/v2\/pages"}],"about":[{"href":"https:\/\/sbm.wolomin.pl\/index.php?rest_route=\/wp\/v2\/types\/page"}],"author":[{"embeddable":true,"href":"https:\/\/sbm.wolomin.pl\/index.php?rest_route=\/wp\/v2\/users\/1"}],"replies":[{"embeddable":true,"href":"https:\/\/sbm.wolomin.pl\/index.php?rest_route=%2Fwp%2Fv2%2Fcomments&post=357"}],"version-history":[{"count":19,"href":"https:\/\/sbm.wolomin.pl\/index.php?rest_route=\/wp\/v2\/pages\/357\/revisions"}],"predecessor-version":[{"id":3237,"href":"https:\/\/sbm.wolomin.pl\/index.php?rest_route=\/wp\/v2\/pages\/357\/revisions\/3237"}],"up":[{"embeddable":true,"href":"https:\/\/sbm.wolomin.pl\/index.php?rest_route=\/wp\/v2\/pages\/354"}],"wp:featuredmedia":[{"embeddable":true,"href":"https:\/\/sbm.wolomin.pl\/index.php?rest_route=\/wp\/v2\/media\/3194"}],"wp:attachment":[{"href":"https:\/\/sbm.wolomin.pl\/index.php?rest_route=%2Fwp%2Fv2%2Fmedia&parent=357"}],"wp:term":[{"taxonomy":"category","embeddable":true,"href":"https:\/\/sbm.wolomin.pl\/index.php?rest_route=%2Fwp%2Fv2%2Fcategories&post=357"},{"taxonomy":"post_tag","embeddable":true,"href":"https:\/\/sbm.wolomin.pl\/index.php?rest_route=%2Fwp%2Fv2%2Ftags&post=357"}],"curies":[{"name":"wp","href":"https:\/\/api.w.org\/{rel}","templated":true}]}}